{"id":7,"date":"2025-10-18T15:51:44","date_gmt":"2025-10-18T15:51:44","guid":{"rendered":"http:\/\/www.cekidemirimontaj.com.tr\/?page_id=7"},"modified":"2025-10-18T16:03:57","modified_gmt":"2025-10-18T16:03:57","slug":"ceki_demiri_nedir","status":"publish","type":"page","link":"https:\/\/www.cekidemirimontaj.com.tr\/index.php\/ceki_demiri_nedir\/","title":{"rendered":"\u00c7eki Demiri Nedir?"},"content":{"rendered":"\t\t<div data-elementor-type=\"wp-post\" data-elementor-id=\"7\" class=\"elementor elementor-7\" data-elementor-post-type=\"page\">\n\t\t\t\t<div class=\"elementor-element elementor-element-a98012e e-grid e-con-boxed e-con e-parent\" data-id=\"a98012e\" data-element_type=\"container\" data-e-type=\"container\">\n\t\t\t\t\t<div class=\"e-con-inner\">\n\t\t\t\t<div class=\"elementor-element elementor-element-3cfc4b5 elementor-widget elementor-widget-heading\" data-id=\"3cfc4b5\" data-element_type=\"widget\" data-e-type=\"widget\" data-widget_type=\"heading.default\">\n\t\t\t\t\t<h2 class=\"elementor-heading-title elementor-size-default\">\ud83d\udd27 <strong data-start=\"425\" data-end=\"504\">\u00c7eki Demiri Nedir? Nas\u0131l Tak\u0131l\u0131r, Nas\u0131l Se\u00e7ilir? \u2013 Ekor M\u00fchendislik Rehberi<\/strong><\/h2>\t\t\t\t<\/div>\n\t\t\t\t<div class=\"elementor-element elementor-element-9b03a74 elementor-widget elementor-widget-heading\" data-id=\"9b03a74\" data-element_type=\"widget\" data-e-type=\"widget\" data-widget_type=\"heading.default\">\n\t\t\t\t\t<h2 class=\"elementor-heading-title elementor-size-default\">\ud83d\ude97 \u00c7eki Demiri Nedir?<\/h2>\t\t\t\t<\/div>\n\t\t\t\t\t<\/div>\n\t\t\t\t<\/div>\n\t\t<div class=\"elementor-element elementor-element-8a6dabb e-grid e-con-boxed e-con e-parent\" data-id=\"8a6dabb\" data-element_type=\"container\" data-e-type=\"container\">\n\t\t\t\t\t<div class=\"e-con-inner\">\n\t\t\t\t<div class=\"elementor-element elementor-element-d1d29ee elementor-widget elementor-widget-text-editor\" data-id=\"d1d29ee\" data-element_type=\"widget\" data-e-type=\"widget\" data-widget_type=\"text-editor.default\">\n\t\t\t\t\t\t\t\t\t<h3 data-start=\"1945\" data-end=\"1994\"><strong data-start=\"1952\" data-end=\"1994\">Sabit ve S\u00f6k\u00fclebilir \u00c7eki Demiri Fark\u0131<\/strong><\/h3><ul data-start=\"1995\" data-end=\"2138\"><li data-start=\"1995\" data-end=\"2056\"><p data-start=\"1997\" data-end=\"2056\"><strong data-start=\"1997\" data-end=\"2019\">Sabit \u00c7eki Demiri:<\/strong> Ekonomiktir, s\u00fcrekli tak\u0131l\u0131 kal\u0131r.<\/p><\/li><li data-start=\"2057\" data-end=\"2138\"><p data-start=\"2059\" data-end=\"2138\"><strong data-start=\"2059\" data-end=\"2087\">S\u00f6k\u00fclebilir \u00c7eki Demiri:<\/strong> G\u00f6rsel olarak daha estetik, kolay \u00e7\u0131kar\u0131labilir.<\/p><\/li><\/ul><p data-start=\"2140\" data-end=\"2302\">Her iki model de <strong data-start=\"2157\" data-end=\"2177\">Ekor M\u00fchendislik<\/strong> stoklar\u0131nda mevcuttur.<br data-start=\"2200\" data-end=\"2203\" \/>Sabit modeller filo ara\u00e7lar\u0131 i\u00e7in idealdir, s\u00f6k\u00fclebilir modeller ise binek ara\u00e7larda tercih edilir.<\/p><h3 data-start=\"2309\" data-end=\"2355\"><strong data-start=\"2315\" data-end=\"2355\">\u00c7eki Demiri Elektrik Tesisat\u0131 Se\u00e7imi<\/strong><\/h3><p data-start=\"2356\" data-end=\"2418\">Montaj kadar \u00f6nemli bir di\u011fer unsur da elektrik tesisat\u0131d\u0131r.<\/p><ul data-start=\"2419\" data-end=\"2625\"><li data-start=\"2419\" data-end=\"2473\"><p data-start=\"2421\" data-end=\"2473\"><strong data-start=\"2421\" data-end=\"2438\">7 pin sistem:<\/strong> Temel r\u00f6mork ba\u011flant\u0131s\u0131 i\u00e7indir.<\/p><\/li><li data-start=\"2474\" data-end=\"2625\"><p data-start=\"2476\" data-end=\"2625\"><strong data-start=\"2476\" data-end=\"2494\">13 pin sistem:<\/strong> Karavan veya geli\u015fmi\u015f ba\u011flant\u0131lar i\u00e7in tercih edilir.<br data-start=\"2548\" data-end=\"2551\" \/>Ekor M\u00fchendislik, her ara\u00e7 markas\u0131 i\u00e7in <strong data-start=\"2591\" data-end=\"2617\">CAN-Bus uyumlu tesisat<\/strong> sa\u011flar.<\/p><h3 data-start=\"2632\" data-end=\"2679\"><strong data-start=\"2639\" data-end=\"2679\">\u00c7eki Demirini Ruhsata \u0130\u015fletme S\u00fcreci<\/strong><\/h3><ol data-start=\"2680\" data-end=\"2855\"><li data-start=\"2680\" data-end=\"2727\"><p data-start=\"2683\" data-end=\"2727\">TSE veya T\u00dcV onayl\u0131 montaj belgesi al\u0131n\u0131r.<\/p><\/li><li data-start=\"2728\" data-end=\"2801\"><p data-start=\"2731\" data-end=\"2801\">Uygunluk belgesi ile birlikte <strong data-start=\"2761\" data-end=\"2787\">trafik tescil \u015fubesine<\/strong> ba\u015fvurulur.<\/p><\/li><li data-start=\"2802\" data-end=\"2855\"><p data-start=\"2805\" data-end=\"2855\">Ruhsata \u201c\u00e7eki demiri tak\u0131l\u0131d\u0131r\u201d ibaresi i\u015flenir.<\/p><\/li><\/ol><p data-start=\"2857\" data-end=\"2933\">Ekor M\u00fchendislik m\u00fc\u015fterilerine bu s\u00fcre\u00e7te <strong data-start=\"2899\" data-end=\"2926\">tam dan\u0131\u015fmanl\u0131k hizmeti<\/strong> verir.<\/p><hr data-start=\"2935\" data-end=\"2938\" \/><h3 data-start=\"2940\" data-end=\"2977\">\ud83e\udde0 <strong data-start=\"2947\" data-end=\"2977\">\u00c7eki Demiri Nas\u0131l Se\u00e7ilir?<\/strong><\/h3><ul data-start=\"2978\" data-end=\"3171\"><li data-start=\"2978\" data-end=\"3038\"><p data-start=\"2980\" data-end=\"3038\">Arac\u0131n\u0131z\u0131n <strong data-start=\"2991\" data-end=\"3020\">maksimum \u00e7ekme kapasitesi<\/strong> \u00f6\u011frenilmelidir.<\/p><\/li><li data-start=\"3039\" data-end=\"3101\"><p data-start=\"3041\" data-end=\"3101\"><strong data-start=\"3041\" data-end=\"3061\">TSE ve E belgesi<\/strong> olmayan \u00fcr\u00fcnler tercih edilmemelidir.<\/p><\/li><li data-start=\"3102\" data-end=\"3171\"><p data-start=\"3104\" data-end=\"3171\">Montaj firmas\u0131 mutlaka <strong data-start=\"3127\" data-end=\"3158\">yetkili m\u00fchendislik servisi<\/strong> olmal\u0131d\u0131r.<\/p><\/li><\/ul><p data-start=\"3173\" data-end=\"3278\">Ekor M\u00fchendislik olarak biz, arac\u0131n\u0131za en uygun \u00e7eki demiri modelini <strong data-start=\"3242\" data-end=\"3278\">\u00fccretsiz olarak analiz ediyoruz.<\/strong><\/p><hr data-start=\"3280\" data-end=\"3283\" \/><h3 data-start=\"3285\" data-end=\"3323\">\ud83d\udccd <strong data-start=\"3292\" data-end=\"3323\">\u00c7eki Demiri Nerede Tak\u0131l\u0131r?<\/strong><\/h3><p data-start=\"3324\" data-end=\"3520\">\u0130\u015flem mutlaka <strong data-start=\"3338\" data-end=\"3387\">yetkili ve sertifikal\u0131 montaj istasyonlar\u0131nda<\/strong> yap\u0131lmal\u0131d\u0131r.<br data-start=\"3401\" data-end=\"3404\" \/>Ekor M\u00fchendislik, \u0130stanbul ba\u015fta olmak \u00fczere t\u00fcm T\u00fcrkiye genelinde <strong data-start=\"3471\" data-end=\"3506\">profesyonel montaj noktalar\u0131yla<\/strong> hizmet verir.<\/p><hr data-start=\"3522\" data-end=\"3525\" \/><h3 data-start=\"3527\" data-end=\"3561\">\ud83d\udd0d <strong data-start=\"3534\" data-end=\"3561\">Neden Ekor M\u00fchendislik?<\/strong><\/h3><ul data-start=\"3562\" data-end=\"3694\"><li data-start=\"3562\" data-end=\"3585\"><p data-start=\"3564\" data-end=\"3585\">TSE belgeli \u00fcr\u00fcnler<\/p><\/li><li data-start=\"3586\" data-end=\"3613\"><p data-start=\"3588\" data-end=\"3613\">Garanti kapsaml\u0131 montaj<\/p><\/li><li data-start=\"3614\" data-end=\"3632\"><p data-start=\"3616\" data-end=\"3632\">Ruhsat deste\u011fi<\/p><\/li><li data-start=\"3633\" data-end=\"3659\"><p data-start=\"3635\" data-end=\"3659\">CAN-Bus uyumlu tesisat<\/p><\/li><li data-start=\"3660\" data-end=\"3694\"><p data-start=\"3662\" data-end=\"3694\">15 y\u0131ll\u0131k m\u00fchendislik deneyimi<\/p><\/li><\/ul><p data-start=\"2476\" data-end=\"2625\">\u00a0<\/p><p data-start=\"3696\" data-end=\"3816\">\ud83d\udcde Daha fazla bilgi ve fiyat teklifi i\u00e7in bizimle ileti\u015fime ge\u00e7in:<br data-start=\"3762\" data-end=\"3765\" \/><strong data-start=\"3765\" data-end=\"3816\">Ekor M\u00fchendislik \u2013 G\u00fcvenli S\u00fcr\u00fc\u015f, Do\u011fru Montaj.<\/strong><\/p><\/li><\/ul>\t\t\t\t\t\t\t\t<\/div>\n\t\t\t\t<div class=\"elementor-element elementor-element-389e007 elementor-widget elementor-widget-text-editor\" data-id=\"389e007\" data-element_type=\"widget\" data-e-type=\"widget\" data-widget_type=\"text-editor.default\">\n\t\t\t\t\t\t\t\t\t<h3 data-start=\"1064\" data-end=\"1093\">\u00c7eki demiri, arac\u0131n arkas\u0131na monte edilerek <strong data-start=\"1138\" data-end=\"1195\">r\u00f6mork, karavan, bisiklet ta\u015f\u0131y\u0131c\u0131 veya y\u00fck platformu<\/strong> gibi ekipmanlar\u0131n g\u00fcvenle \u00e7ekilmesini sa\u011flayan metal ba\u011flant\u0131 sistemidir.<br data-start=\"1269\" data-end=\"1272\" \/><strong data-start=\"1272\" data-end=\"1292\">Ekor M\u00fchendislik<\/strong>, her marka ve model ara\u00e7 i\u00e7in <strong data-start=\"1323\" data-end=\"1357\">TSE onayl\u0131 \u00e7eki demiri montaj\u0131<\/strong> hizmeti sunar.<\/h3><hr data-start=\"1374\" data-end=\"1377\" \/><h3 data-start=\"1379\" data-end=\"1424\"><img decoding=\"async\" class=\"emoji\" role=\"img\" draggable=\"false\" src=\"https:\/\/s.w.org\/images\/core\/emoji\/16.0.1\/svg\/2699.svg\" alt=\"\u2699\ufe0f\" \/> <strong data-start=\"1386\" data-end=\"1424\">\u00c7eki Demiri Montaj\u0131 Nas\u0131l Yap\u0131l\u0131r?<\/strong><\/h3><p data-start=\"1425\" data-end=\"1467\">\u00c7eki demiri montaj\u0131 uzmanl\u0131k gerektirir.<\/p><ol data-start=\"1468\" data-end=\"1826\"><li data-start=\"1468\" data-end=\"1530\"><p data-start=\"1471\" data-end=\"1530\"><strong data-start=\"1471\" data-end=\"1507\">Ara\u00e7 modeli ve kasa tipine uygun<\/strong> \u00e7eki demiri se\u00e7ilir.<\/p><\/li><li data-start=\"1531\" data-end=\"1577\"><p data-start=\"1534\" data-end=\"1577\">Montaj \u00f6ncesi ara\u00e7 \u015fasisi kontrol edilir.<\/p><\/li><li data-start=\"1578\" data-end=\"1662\"><p data-start=\"1581\" data-end=\"1662\"><strong data-start=\"1581\" data-end=\"1614\">Sabit veya s\u00f6k\u00fclebilir sistem<\/strong> se\u00e7imine g\u00f6re montaj plakalar\u0131 yerle\u015ftirilir.<\/p><\/li><li data-start=\"1663\" data-end=\"1741\"><p data-start=\"1666\" data-end=\"1741\">Elektrik tesisat\u0131 \u00e7ekilerek <strong data-start=\"1694\" data-end=\"1739\">arka ayd\u0131nlatma sistemine entegre edilir.<\/strong><\/p><\/li><li data-start=\"1742\" data-end=\"1826\"><p data-start=\"1745\" data-end=\"1826\">Montaj sonras\u0131 t\u00fcm ba\u011flant\u0131lar <strong data-start=\"1776\" data-end=\"1793\">tork anahtar\u0131<\/strong> ile s\u0131k\u0131l\u0131r ve kontrol edilir.<\/p><\/li><\/ol><p data-start=\"1828\" data-end=\"1938\"><img decoding=\"async\" class=\"emoji\" role=\"img\" draggable=\"false\" src=\"https:\/\/s.w.org\/images\/core\/emoji\/16.0.1\/svg\/1f449.svg\" alt=\"\ud83d\udc49\" \/> <em data-start=\"1831\" data-end=\"1938\">Ekor M\u00fchendislik, t\u00fcm montaj i\u015flemlerinde \u00fcretici standartlar\u0131na ve TSE y\u00f6netmeliklerine tam uyum sa\u011flar.<\/em><\/p>\t\t\t\t\t\t\t\t<\/div>\n\t\t\t\t\t<\/div>\n\t\t\t\t<\/div>\n\t\t<div class=\"elementor-element elementor-element-7519a41 e-grid e-con-boxed e-con e-parent\" data-id=\"7519a41\" data-element_type=\"container\" data-e-type=\"container\">\n\t\t\t\t\t<div class=\"e-con-inner\">\n\t\t\t\t<div class=\"elementor-element elementor-element-2e2b978 elementor-widget elementor-widget-video\" data-id=\"2e2b978\" data-element_type=\"widget\" data-e-type=\"widget\" data-settings=\"{&quot;youtube_url&quot;:&quot;https:\\\/\\\/www.youtube.com\\\/watch?v=i2wl-MuyoVo&quot;,&quot;video_type&quot;:&quot;youtube&quot;,&quot;controls&quot;:&quot;yes&quot;}\" data-widget_type=\"video.default\">\n\t\t\t\t\t\t\t<div class=\"elementor-wrapper elementor-open-inline\">\n\t\t\t<div class=\"elementor-video\"><\/div>\t\t<\/div>\n\t\t\t\t\t\t<\/div>\n\t\t\t\t<div class=\"elementor-element elementor-element-09b7f7b elementor-widget elementor-widget-video\" data-id=\"09b7f7b\" data-element_type=\"widget\" data-e-type=\"widget\" data-settings=\"{&quot;youtube_url&quot;:&quot;https:\\\/\\\/www.youtube.com\\\/watch?v=BGtck-wY-7c&quot;,&quot;video_type&quot;:&quot;youtube&quot;,&quot;controls&quot;:&quot;yes&quot;}\" data-widget_type=\"video.default\">\n\t\t\t\t\t\t\t<div class=\"elementor-wrapper elementor-open-inline\">\n\t\t\t<div class=\"elementor-video\"><\/div>\t\t<\/div>\n\t\t\t\t\t\t<\/div>\n\t\t\t\t\t<\/div>\n\t\t\t\t<\/div>\n\t\t<div class=\"elementor-element elementor-element-6526042 e-grid e-con-boxed e-con e-parent\" data-id=\"6526042\" data-element_type=\"container\" data-e-type=\"container\">\n\t\t\t\t\t<div class=\"e-con-inner\">\n\t\t\t\t<div class=\"elementor-element elementor-element-29f90df elementor-widget elementor-widget-google_maps\" data-id=\"29f90df\" data-element_type=\"widget\" data-e-type=\"widget\" data-widget_type=\"google_maps.default\">\n\t\t\t\t\t\t\t<div class=\"elementor-custom-embed\">\n\t\t\t<iframe loading=\"lazy\"\n\t\t\t\t\tsrc=\"https:\/\/maps.google.com\/maps?q=Ekor%20M%C3%BChendislik&#038;t=m&#038;z=10&#038;output=embed&#038;iwloc=near\"\n\t\t\t\t\ttitle=\"Ekor M\u00fchendislik\"\n\t\t\t\t\taria-label=\"Ekor M\u00fchendislik\"\n\t\t\t><\/iframe>\n\t\t<\/div>\n\t\t\t\t\t\t<\/div>\n\t\t\t\t\t<\/div>\n\t\t\t\t<\/div>\n\t\t\t\t<\/div>\n\t\t","protected":false},"excerpt":{"rendered":"<p>\ud83d\udd27 \u00c7eki Demiri Nedir? Nas\u0131l Tak\u0131l\u0131r, Nas\u0131l Se\u00e7ilir? \u2013 Ekor M\u00fchendislik Rehberi \ud83d\ude97 \u00c7eki Demiri Nedir? Sabit ve S\u00f6k\u00fclebilir \u00c7eki Demiri Fark\u0131 Sabit \u00c7eki Demiri: Ekonomiktir, s\u00fcrekli tak\u0131l\u0131 kal\u0131r. S\u00f6k\u00fclebilir \u00c7eki Demiri: G\u00f6rsel olarak daha&hellip;<\/p>\n","protected":false},"author":1,"featured_media":0,"parent":0,"menu_order":0,"comment_status":"closed","ping_status":"closed","template":"","meta":{"_eb_attr":"","footnotes":""},"class_list":["post-7","page","type-page","status-publish","hentry"],"yoast_head":"<!-- This site is optimized with the Yoast SEO plugin v27.3 - https:\/\/yoast.com\/product\/yoast-seo-wordpress\/ -->\n<title>\u00c7eki Demiri Nedir? - Ekor<\/title>\n<meta name=\"robots\" content=\"index, follow, max-snippet:-1, max-image-preview:large, max-video-preview:-1\" \/>\n<link rel=\"canonical\" href=\"https:\/\/www.cekidemirimontaj.com.tr\/index.php\/ceki_demiri_nedir\/\" \/>\n<meta property=\"og:locale\" content=\"tr_TR\" \/>\n<meta property=\"og:type\" content=\"article\" \/>\n<meta property=\"og:title\" content=\"\u00c7eki Demiri Nedir? - Ekor\" \/>\n<meta property=\"og:description\" content=\"\ud83d\udd27 \u00c7eki Demiri Nedir? Nas\u0131l Tak\u0131l\u0131r, Nas\u0131l Se\u00e7ilir? \u2013 Ekor M\u00fchendislik Rehberi \ud83d\ude97 \u00c7eki Demiri Nedir? Sabit ve S\u00f6k\u00fclebilir \u00c7eki Demiri Fark\u0131 Sabit \u00c7eki Demiri: Ekonomiktir, s\u00fcrekli tak\u0131l\u0131 kal\u0131r. S\u00f6k\u00fclebilir \u00c7eki Demiri: G\u00f6rsel olarak daha&hellip;\" \/>\n<meta property=\"og:url\" content=\"https:\/\/www.cekidemirimontaj.com.tr\/index.php\/ceki_demiri_nedir\/\" \/>\n<meta property=\"og:site_name\" content=\"Ekor\" \/>\n<meta property=\"article:publisher\" content=\"https:\/\/www.facebook.com\/ucelotogazmuhendisligi?locale=tr_TR\" \/>\n<meta property=\"article:modified_time\" content=\"2025-10-18T16:03:57+00:00\" \/>\n<meta property=\"og:image\" content=\"https:\/\/s.w.org\/images\/core\/emoji\/16.0.1\/svg\/2699.svg\" \/>\n<meta name=\"twitter:card\" content=\"summary_large_image\" \/>\n<meta name=\"twitter:label1\" content=\"Tahmini okuma s\u00fcresi\" \/>\n\t<meta name=\"twitter:data1\" content=\"4 dakika\" \/>\n<script type=\"application\/ld+json\" class=\"yoast-schema-graph\">{\"@context\":\"https:\\\/\\\/schema.org\",\"@graph\":[{\"@type\":\"WebPage\",\"@id\":\"https:\\\/\\\/www.cekidemirimontaj.com.tr\\\/index.php\\\/ceki_demiri_nedir\\\/\",\"url\":\"https:\\\/\\\/www.cekidemirimontaj.com.tr\\\/index.php\\\/ceki_demiri_nedir\\\/\",\"name\":\"\u00c7eki Demiri Nedir? - Ekor\",\"isPartOf\":{\"@id\":\"https:\\\/\\\/www.cekidemirimontaj.com.tr\\\/#website\"},\"primaryImageOfPage\":{\"@id\":\"https:\\\/\\\/www.cekidemirimontaj.com.tr\\\/index.php\\\/ceki_demiri_nedir\\\/#primaryimage\"},\"image\":{\"@id\":\"https:\\\/\\\/www.cekidemirimontaj.com.tr\\\/index.php\\\/ceki_demiri_nedir\\\/#primaryimage\"},\"thumbnailUrl\":\"https:\\\/\\\/s.w.org\\\/images\\\/core\\\/emoji\\\/16.0.1\\\/svg\\\/2699.svg\",\"datePublished\":\"2025-10-18T15:51:44+00:00\",\"dateModified\":\"2025-10-18T16:03:57+00:00\",\"breadcrumb\":{\"@id\":\"https:\\\/\\\/www.cekidemirimontaj.com.tr\\\/index.php\\\/ceki_demiri_nedir\\\/#breadcrumb\"},\"inLanguage\":\"tr\",\"potentialAction\":[{\"@type\":\"ReadAction\",\"target\":[\"https:\\\/\\\/www.cekidemirimontaj.com.tr\\\/index.php\\\/ceki_demiri_nedir\\\/\"]}]},{\"@type\":\"ImageObject\",\"inLanguage\":\"tr\",\"@id\":\"https:\\\/\\\/www.cekidemirimontaj.com.tr\\\/index.php\\\/ceki_demiri_nedir\\\/#primaryimage\",\"url\":\"https:\\\/\\\/s.w.org\\\/images\\\/core\\\/emoji\\\/16.0.1\\\/svg\\\/2699.svg\",\"contentUrl\":\"https:\\\/\\\/s.w.org\\\/images\\\/core\\\/emoji\\\/16.0.1\\\/svg\\\/2699.svg\"},{\"@type\":\"BreadcrumbList\",\"@id\":\"https:\\\/\\\/www.cekidemirimontaj.com.tr\\\/index.php\\\/ceki_demiri_nedir\\\/#breadcrumb\",\"itemListElement\":[{\"@type\":\"ListItem\",\"position\":1,\"name\":\"Anasayfa\",\"item\":\"https:\\\/\\\/www.cekidemirimontaj.com.tr\\\/\"},{\"@type\":\"ListItem\",\"position\":2,\"name\":\"\u00c7eki Demiri Nedir?\"}]},{\"@type\":\"WebSite\",\"@id\":\"https:\\\/\\\/www.cekidemirimontaj.com.tr\\\/#website\",\"url\":\"https:\\\/\\\/www.cekidemirimontaj.com.tr\\\/\",\"name\":\"Ekor\",\"description\":\"&Ccedil;eki Demiri Montaj\u0131nda T&uuml;rkiye'nin En \u0130yisi\",\"publisher\":{\"@id\":\"https:\\\/\\\/www.cekidemirimontaj.com.tr\\\/#organization\"},\"potentialAction\":[{\"@type\":\"SearchAction\",\"target\":{\"@type\":\"EntryPoint\",\"urlTemplate\":\"https:\\\/\\\/www.cekidemirimontaj.com.tr\\\/?s={search_term_string}\"},\"query-input\":{\"@type\":\"PropertyValueSpecification\",\"valueRequired\":true,\"valueName\":\"search_term_string\"}}],\"inLanguage\":\"tr\"},{\"@type\":\"Organization\",\"@id\":\"https:\\\/\\\/www.cekidemirimontaj.com.tr\\\/#organization\",\"name\":\"Ekor M\u00fchendislik\",\"url\":\"https:\\\/\\\/www.cekidemirimontaj.com.tr\\\/\",\"logo\":{\"@type\":\"ImageObject\",\"inLanguage\":\"tr\",\"@id\":\"https:\\\/\\\/www.cekidemirimontaj.com.tr\\\/#\\\/schema\\\/logo\\\/image\\\/\",\"url\":\"https:\\\/\\\/www.cekidemirimontaj.com.tr\\\/wp-content\\\/uploads\\\/2025\\\/10\\\/cropped-logo_230.png\",\"contentUrl\":\"https:\\\/\\\/www.cekidemirimontaj.com.tr\\\/wp-content\\\/uploads\\\/2025\\\/10\\\/cropped-logo_230.png\",\"width\":231,\"height\":231,\"caption\":\"Ekor M\u00fchendislik\"},\"image\":{\"@id\":\"https:\\\/\\\/www.cekidemirimontaj.com.tr\\\/#\\\/schema\\\/logo\\\/image\\\/\"},\"sameAs\":[\"https:\\\/\\\/www.facebook.com\\\/ucelotogazmuhendisligi?locale=tr_TR\",\"https:\\\/\\\/www.instagram.com\\\/ucelotogazmuhendisligi\\\/\"]}]}<\/script>\n<!-- \/ Yoast SEO plugin. -->","yoast_head_json":{"title":"\u00c7eki Demiri Nedir? - Ekor","robots":{"index":"index","follow":"follow","max-snippet":"max-snippet:-1","max-image-preview":"max-image-preview:large","max-video-preview":"max-video-preview:-1"},"canonical":"https:\/\/www.cekidemirimontaj.com.tr\/index.php\/ceki_demiri_nedir\/","og_locale":"tr_TR","og_type":"article","og_title":"\u00c7eki Demiri Nedir? - Ekor","og_description":"\ud83d\udd27 \u00c7eki Demiri Nedir? Nas\u0131l Tak\u0131l\u0131r, Nas\u0131l Se\u00e7ilir? \u2013 Ekor M\u00fchendislik Rehberi \ud83d\ude97 \u00c7eki Demiri Nedir? Sabit ve S\u00f6k\u00fclebilir \u00c7eki Demiri Fark\u0131 Sabit \u00c7eki Demiri: Ekonomiktir, s\u00fcrekli tak\u0131l\u0131 kal\u0131r. S\u00f6k\u00fclebilir \u00c7eki Demiri: G\u00f6rsel olarak daha&hellip;","og_url":"https:\/\/www.cekidemirimontaj.com.tr\/index.php\/ceki_demiri_nedir\/","og_site_name":"Ekor","article_publisher":"https:\/\/www.facebook.com\/ucelotogazmuhendisligi?locale=tr_TR","article_modified_time":"2025-10-18T16:03:57+00:00","og_image":[{"url":"https:\/\/s.w.org\/images\/core\/emoji\/16.0.1\/svg\/2699.svg","type":"","width":"","height":""}],"twitter_card":"summary_large_image","twitter_misc":{"Tahmini okuma s\u00fcresi":"4 dakika"},"schema":{"@context":"https:\/\/schema.org","@graph":[{"@type":"WebPage","@id":"https:\/\/www.cekidemirimontaj.com.tr\/index.php\/ceki_demiri_nedir\/","url":"https:\/\/www.cekidemirimontaj.com.tr\/index.php\/ceki_demiri_nedir\/","name":"\u00c7eki Demiri Nedir? - Ekor","isPartOf":{"@id":"https:\/\/www.cekidemirimontaj.com.tr\/#website"},"primaryImageOfPage":{"@id":"https:\/\/www.cekidemirimontaj.com.tr\/index.php\/ceki_demiri_nedir\/#primaryimage"},"image":{"@id":"https:\/\/www.cekidemirimontaj.com.tr\/index.php\/ceki_demiri_nedir\/#primaryimage"},"thumbnailUrl":"https:\/\/s.w.org\/images\/core\/emoji\/16.0.1\/svg\/2699.svg","datePublished":"2025-10-18T15:51:44+00:00","dateModified":"2025-10-18T16:03:57+00:00","breadcrumb":{"@id":"https:\/\/www.cekidemirimontaj.com.tr\/index.php\/ceki_demiri_nedir\/#breadcrumb"},"inLanguage":"tr","potentialAction":[{"@type":"ReadAction","target":["https:\/\/www.cekidemirimontaj.com.tr\/index.php\/ceki_demiri_nedir\/"]}]},{"@type":"ImageObject","inLanguage":"tr","@id":"https:\/\/www.cekidemirimontaj.com.tr\/index.php\/ceki_demiri_nedir\/#primaryimage","url":"https:\/\/s.w.org\/images\/core\/emoji\/16.0.1\/svg\/2699.svg","contentUrl":"https:\/\/s.w.org\/images\/core\/emoji\/16.0.1\/svg\/2699.svg"},{"@type":"BreadcrumbList","@id":"https:\/\/www.cekidemirimontaj.com.tr\/index.php\/ceki_demiri_nedir\/#breadcrumb","itemListElement":[{"@type":"ListItem","position":1,"name":"Anasayfa","item":"https:\/\/www.cekidemirimontaj.com.tr\/"},{"@type":"ListItem","position":2,"name":"\u00c7eki Demiri Nedir?"}]},{"@type":"WebSite","@id":"https:\/\/www.cekidemirimontaj.com.tr\/#website","url":"https:\/\/www.cekidemirimontaj.com.tr\/","name":"Ekor","description":"&Ccedil;eki Demiri Montaj\u0131nda T&uuml;rkiye'nin En \u0130yisi","publisher":{"@id":"https:\/\/www.cekidemirimontaj.com.tr\/#organization"},"potentialAction":[{"@type":"SearchAction","target":{"@type":"EntryPoint","urlTemplate":"https:\/\/www.cekidemirimontaj.com.tr\/?s={search_term_string}"},"query-input":{"@type":"PropertyValueSpecification","valueRequired":true,"valueName":"search_term_string"}}],"inLanguage":"tr"},{"@type":"Organization","@id":"https:\/\/www.cekidemirimontaj.com.tr\/#organization","name":"Ekor M\u00fchendislik","url":"https:\/\/www.cekidemirimontaj.com.tr\/","logo":{"@type":"ImageObject","inLanguage":"tr","@id":"https:\/\/www.cekidemirimontaj.com.tr\/#\/schema\/logo\/image\/","url":"https:\/\/www.cekidemirimontaj.com.tr\/wp-content\/uploads\/2025\/10\/cropped-logo_230.png","contentUrl":"https:\/\/www.cekidemirimontaj.com.tr\/wp-content\/uploads\/2025\/10\/cropped-logo_230.png","width":231,"height":231,"caption":"Ekor M\u00fchendislik"},"image":{"@id":"https:\/\/www.cekidemirimontaj.com.tr\/#\/schema\/logo\/image\/"},"sameAs":["https:\/\/www.facebook.com\/ucelotogazmuhendisligi?locale=tr_TR","https:\/\/www.instagram.com\/ucelotogazmuhendisligi\/"]}]}},"_links":{"self":[{"href":"https:\/\/www.cekidemirimontaj.com.tr\/index.php\/wp-json\/wp\/v2\/pages\/7","targetHints":{"allow":["GET"]}}],"collection":[{"href":"https:\/\/www.cekidemirimontaj.com.tr\/index.php\/wp-json\/wp\/v2\/pages"}],"about":[{"href":"https:\/\/www.cekidemirimontaj.com.tr\/index.php\/wp-json\/wp\/v2\/types\/page"}],"author":[{"embeddable":true,"href":"https:\/\/www.cekidemirimontaj.com.tr\/index.php\/wp-json\/wp\/v2\/users\/1"}],"replies":[{"embeddable":true,"href":"https:\/\/www.cekidemirimontaj.com.tr\/index.php\/wp-json\/wp\/v2\/comments?post=7"}],"version-history":[{"count":11,"href":"https:\/\/www.cekidemirimontaj.com.tr\/index.php\/wp-json\/wp\/v2\/pages\/7\/revisions"}],"predecessor-version":[{"id":99,"href":"https:\/\/www.cekidemirimontaj.com.tr\/index.php\/wp-json\/wp\/v2\/pages\/7\/revisions\/99"}],"wp:attachment":[{"href":"https:\/\/www.cekidemirimontaj.com.tr\/index.php\/wp-json\/wp\/v2\/media?parent=7"}],"curies":[{"name":"wp","href":"https:\/\/api.w.org\/{rel}","templated":true}]}}