{"id":5092,"date":"2025-10-25T09:27:24","date_gmt":"2025-10-25T09:27:24","guid":{"rendered":"https:\/\/www.cekidemirimontaj.com.tr\/?post_type=product&#038;p=5092"},"modified":"2025-10-25T09:27:40","modified_gmt":"2025-10-25T09:27:40","slug":"mitsubishi-l-200-ceki-demiri-flansli-1996-2006","status":"publish","type":"product","link":"https:\/\/www.cekidemirimontaj.com.tr\/index.php\/urun\/mitsubishi-l-200-ceki-demiri-flansli-1996-2006\/","title":{"rendered":"Mitsubishi L-200 \u00c7eki Demiri , Flan\u015fl\u0131 (1996 &#8211; 2006)"},"content":{"rendered":"<p>\u00dcr\u00fcn Kodu : Z01<Br \/><br \/>\nMarka : Autohak<Br \/><br \/>\nPick-Up , ( 60T )<Br \/><br \/>\nModel Y\u0131l\u0131 Ekim 1996 &#8216;Dan Nisan 2006 &#8216;Ya Kadar Olan Ara\u00e7lar \u0130\u00e7in Uygundur.<Br \/><br \/>\nMontaj Ve Proje Bedeli Dahil De\u011fildir.Montaj Ve Proje \u0130\u015flemleri \u0130\u00e7in Bilgi Alabilirsiniz.<\/p>\n","protected":false},"excerpt":{"rendered":"<p>Mitsubishi L-200 \u00c7eki Demiri , Flan\u015fl\u0131 (1996 &#8211; 2006)<\/p>\n","protected":false},"featured_media":3753,"comment_status":"closed","ping_status":"closed","template":"","meta":{"_eb_attr":""},"product_brand":[24,27,31,32,1020,25,26],"product_cat":[585],"product_tag":[1014,712,61,64,1015,1019,235,1018,1017,1016],"class_list":{"0":"post-5092","1":"product","2":"type-product","3":"status-publish","4":"has-post-thumbnail","6":"product_brand-aragon","7":"product_brand-auto-hak","8":"product_brand-bosal","9":"product_brand-gdw","10":"product_brand-hak-pol","11":"product_brand-oris","12":"product_brand-steinhof","13":"product_cat-mitsubishi-marka-ve-model-araclar-icin-orjinal-ceki-demiri-montaji","14":"product_tag-13-pin","15":"product_tag-7-pin","16":"product_tag-ceki","17":"product_tag-demiri","18":"product_tag-elektrik-tesisati","19":"product_tag-isletme","20":"product_tag-montaji","21":"product_tag-noter","22":"product_tag-proje","23":"product_tag-tse","25":"first","26":"instock","27":"shipping-taxable","28":"purchasable","29":"product-type-simple"},"yoast_head":"<!-- This site is optimized with the Yoast SEO plugin v27.6 - https:\/\/yoast.com\/product\/yoast-seo-wordpress\/ -->\n<title>Mitsubishi L-200 \u00c7eki Demiri , Flan\u015fl\u0131 (1996 - 2006) - Ekor<\/title>\n<meta name=\"robots\" content=\"index, follow, max-snippet:-1, max-image-preview:large, max-video-preview:-1\" \/>\n<link rel=\"canonical\" href=\"https:\/\/www.cekidemirimontaj.com.tr\/index.php\/urun\/mitsubishi-l-200-ceki-demiri-flansli-1996-2006\/\" \/>\n<meta property=\"og:locale\" content=\"tr_TR\" \/>\n<meta property=\"og:type\" content=\"article\" \/>\n<meta property=\"og:title\" content=\"Mitsubishi L-200 \u00c7eki Demiri , Flan\u015fl\u0131 (1996 - 2006) - Ekor\" \/>\n<meta property=\"og:description\" content=\"Mitsubishi L-200 \u00c7eki Demiri , Flan\u015fl\u0131 (1996 - 2006)\" \/>\n<meta property=\"og:url\" content=\"https:\/\/www.cekidemirimontaj.com.tr\/index.php\/urun\/mitsubishi-l-200-ceki-demiri-flansli-1996-2006\/\" \/>\n<meta property=\"og:site_name\" content=\"Ekor\" \/>\n<meta property=\"article:publisher\" content=\"https:\/\/www.facebook.com\/ucelotogazmuhendisligi?locale=tr_TR\" \/>\n<meta property=\"article:modified_time\" content=\"2025-10-25T09:27:40+00:00\" \/>\n<meta name=\"twitter:card\" content=\"summary_large_image\" \/>\n<script type=\"application\/ld+json\" class=\"yoast-schema-graph\">{\"@context\":\"https:\\\/\\\/schema.org\",\"@graph\":[{\"@type\":\"WebPage\",\"@id\":\"https:\\\/\\\/www.cekidemirimontaj.com.tr\\\/index.php\\\/urun\\\/mitsubishi-l-200-ceki-demiri-flansli-1996-2006\\\/\",\"url\":\"https:\\\/\\\/www.cekidemirimontaj.com.tr\\\/index.php\\\/urun\\\/mitsubishi-l-200-ceki-demiri-flansli-1996-2006\\\/\",\"name\":\"Mitsubishi L-200 \u00c7eki Demiri , Flan\u015fl\u0131 (1996 - 2006) - Ekor\",\"isPartOf\":{\"@id\":\"https:\\\/\\\/www.cekidemirimontaj.com.tr\\\/#website\"},\"primaryImageOfPage\":{\"@id\":\"https:\\\/\\\/www.cekidemirimontaj.com.tr\\\/index.php\\\/urun\\\/mitsubishi-l-200-ceki-demiri-flansli-1996-2006\\\/#primaryimage\"},\"image\":{\"@id\":\"https:\\\/\\\/www.cekidemirimontaj.com.tr\\\/index.php\\\/urun\\\/mitsubishi-l-200-ceki-demiri-flansli-1996-2006\\\/#primaryimage\"},\"thumbnailUrl\":\"https:\\\/\\\/www.cekidemirimontaj.com.tr\\\/wp-content\\\/uploads\\\/2025\\\/10\\\/ceki_demiri-1.jpg\",\"datePublished\":\"2025-10-25T09:27:24+00:00\",\"dateModified\":\"2025-10-25T09:27:40+00:00\",\"breadcrumb\":{\"@id\":\"https:\\\/\\\/www.cekidemirimontaj.com.tr\\\/index.php\\\/urun\\\/mitsubishi-l-200-ceki-demiri-flansli-1996-2006\\\/#breadcrumb\"},\"inLanguage\":\"tr\",\"potentialAction\":[{\"@type\":\"ReadAction\",\"target\":[\"https:\\\/\\\/www.cekidemirimontaj.com.tr\\\/index.php\\\/urun\\\/mitsubishi-l-200-ceki-demiri-flansli-1996-2006\\\/\"]}]},{\"@type\":\"ImageObject\",\"inLanguage\":\"tr\",\"@id\":\"https:\\\/\\\/www.cekidemirimontaj.com.tr\\\/index.php\\\/urun\\\/mitsubishi-l-200-ceki-demiri-flansli-1996-2006\\\/#primaryimage\",\"url\":\"https:\\\/\\\/www.cekidemirimontaj.com.tr\\\/wp-content\\\/uploads\\\/2025\\\/10\\\/ceki_demiri-1.jpg\",\"contentUrl\":\"https:\\\/\\\/www.cekidemirimontaj.com.tr\\\/wp-content\\\/uploads\\\/2025\\\/10\\\/ceki_demiri-1.jpg\",\"width\":800,\"height\":800,\"caption\":\"\u00c7eki Demiri Montaj\u0131 \u00dc\u00e7el M\u00fchendislik\"},{\"@type\":\"BreadcrumbList\",\"@id\":\"https:\\\/\\\/www.cekidemirimontaj.com.tr\\\/index.php\\\/urun\\\/mitsubishi-l-200-ceki-demiri-flansli-1996-2006\\\/#breadcrumb\",\"itemListElement\":[{\"@type\":\"ListItem\",\"position\":1,\"name\":\"Anasayfa\",\"item\":\"https:\\\/\\\/www.cekidemirimontaj.com.tr\\\/\"},{\"@type\":\"ListItem\",\"position\":2,\"name\":\"Urunler\",\"item\":\"https:\\\/\\\/www.cekidemirimontaj.com.tr\\\/index.php\\\/urunler\\\/\"},{\"@type\":\"ListItem\",\"position\":3,\"name\":\"Mitsubishi L-200 \u00c7eki Demiri , Flan\u015fl\u0131 (1996 &#8211; 2006)\"}]},{\"@type\":\"WebSite\",\"@id\":\"https:\\\/\\\/www.cekidemirimontaj.com.tr\\\/#website\",\"url\":\"https:\\\/\\\/www.cekidemirimontaj.com.tr\\\/\",\"name\":\"Ekor\",\"description\":\"&Ccedil;eki Demiri Montaj\u0131nda T&uuml;rkiye'nin En \u0130yisi\",\"publisher\":{\"@id\":\"https:\\\/\\\/www.cekidemirimontaj.com.tr\\\/#organization\"},\"potentialAction\":[{\"@type\":\"SearchAction\",\"target\":{\"@type\":\"EntryPoint\",\"urlTemplate\":\"https:\\\/\\\/www.cekidemirimontaj.com.tr\\\/?s={search_term_string}\"},\"query-input\":{\"@type\":\"PropertyValueSpecification\",\"valueRequired\":true,\"valueName\":\"search_term_string\"}}],\"inLanguage\":\"tr\"},{\"@type\":\"Organization\",\"@id\":\"https:\\\/\\\/www.cekidemirimontaj.com.tr\\\/#organization\",\"name\":\"Ekor M\u00fchendislik\",\"url\":\"https:\\\/\\\/www.cekidemirimontaj.com.tr\\\/\",\"logo\":{\"@type\":\"ImageObject\",\"inLanguage\":\"tr\",\"@id\":\"https:\\\/\\\/www.cekidemirimontaj.com.tr\\\/#\\\/schema\\\/logo\\\/image\\\/\",\"url\":\"https:\\\/\\\/www.cekidemirimontaj.com.tr\\\/wp-content\\\/uploads\\\/2025\\\/10\\\/cropped-logo_230.png\",\"contentUrl\":\"https:\\\/\\\/www.cekidemirimontaj.com.tr\\\/wp-content\\\/uploads\\\/2025\\\/10\\\/cropped-logo_230.png\",\"width\":231,\"height\":231,\"caption\":\"Ekor M\u00fchendislik\"},\"image\":{\"@id\":\"https:\\\/\\\/www.cekidemirimontaj.com.tr\\\/#\\\/schema\\\/logo\\\/image\\\/\"},\"sameAs\":[\"https:\\\/\\\/www.facebook.com\\\/ucelotogazmuhendisligi?locale=tr_TR\",\"https:\\\/\\\/www.instagram.com\\\/ucelotogazmuhendisligi\\\/\"]}]}<\/script>\n<!-- \/ Yoast SEO plugin. -->","yoast_head_json":{"title":"Mitsubishi L-200 \u00c7eki Demiri , Flan\u015fl\u0131 (1996 - 2006) - Ekor","robots":{"index":"index","follow":"follow","max-snippet":"max-snippet:-1","max-image-preview":"max-image-preview:large","max-video-preview":"max-video-preview:-1"},"canonical":"https:\/\/www.cekidemirimontaj.com.tr\/index.php\/urun\/mitsubishi-l-200-ceki-demiri-flansli-1996-2006\/","og_locale":"tr_TR","og_type":"article","og_title":"Mitsubishi L-200 \u00c7eki Demiri , Flan\u015fl\u0131 (1996 - 2006) - Ekor","og_description":"Mitsubishi L-200 \u00c7eki Demiri , Flan\u015fl\u0131 (1996 - 2006)","og_url":"https:\/\/www.cekidemirimontaj.com.tr\/index.php\/urun\/mitsubishi-l-200-ceki-demiri-flansli-1996-2006\/","og_site_name":"Ekor","article_publisher":"https:\/\/www.facebook.com\/ucelotogazmuhendisligi?locale=tr_TR","article_modified_time":"2025-10-25T09:27:40+00:00","twitter_card":"summary_large_image","schema":{"@context":"https:\/\/schema.org","@graph":[{"@type":"WebPage","@id":"https:\/\/www.cekidemirimontaj.com.tr\/index.php\/urun\/mitsubishi-l-200-ceki-demiri-flansli-1996-2006\/","url":"https:\/\/www.cekidemirimontaj.com.tr\/index.php\/urun\/mitsubishi-l-200-ceki-demiri-flansli-1996-2006\/","name":"Mitsubishi L-200 \u00c7eki Demiri , Flan\u015fl\u0131 (1996 - 2006) - Ekor","isPartOf":{"@id":"https:\/\/www.cekidemirimontaj.com.tr\/#website"},"primaryImageOfPage":{"@id":"https:\/\/www.cekidemirimontaj.com.tr\/index.php\/urun\/mitsubishi-l-200-ceki-demiri-flansli-1996-2006\/#primaryimage"},"image":{"@id":"https:\/\/www.cekidemirimontaj.com.tr\/index.php\/urun\/mitsubishi-l-200-ceki-demiri-flansli-1996-2006\/#primaryimage"},"thumbnailUrl":"https:\/\/www.cekidemirimontaj.com.tr\/wp-content\/uploads\/2025\/10\/ceki_demiri-1.jpg","datePublished":"2025-10-25T09:27:24+00:00","dateModified":"2025-10-25T09:27:40+00:00","breadcrumb":{"@id":"https:\/\/www.cekidemirimontaj.com.tr\/index.php\/urun\/mitsubishi-l-200-ceki-demiri-flansli-1996-2006\/#breadcrumb"},"inLanguage":"tr","potentialAction":[{"@type":"ReadAction","target":["https:\/\/www.cekidemirimontaj.com.tr\/index.php\/urun\/mitsubishi-l-200-ceki-demiri-flansli-1996-2006\/"]}]},{"@type":"ImageObject","inLanguage":"tr","@id":"https:\/\/www.cekidemirimontaj.com.tr\/index.php\/urun\/mitsubishi-l-200-ceki-demiri-flansli-1996-2006\/#primaryimage","url":"https:\/\/www.cekidemirimontaj.com.tr\/wp-content\/uploads\/2025\/10\/ceki_demiri-1.jpg","contentUrl":"https:\/\/www.cekidemirimontaj.com.tr\/wp-content\/uploads\/2025\/10\/ceki_demiri-1.jpg","width":800,"height":800,"caption":"\u00c7eki Demiri Montaj\u0131 \u00dc\u00e7el M\u00fchendislik"},{"@type":"BreadcrumbList","@id":"https:\/\/www.cekidemirimontaj.com.tr\/index.php\/urun\/mitsubishi-l-200-ceki-demiri-flansli-1996-2006\/#breadcrumb","itemListElement":[{"@type":"ListItem","position":1,"name":"Anasayfa","item":"https:\/\/www.cekidemirimontaj.com.tr\/"},{"@type":"ListItem","position":2,"name":"Urunler","item":"https:\/\/www.cekidemirimontaj.com.tr\/index.php\/urunler\/"},{"@type":"ListItem","position":3,"name":"Mitsubishi L-200 \u00c7eki Demiri , Flan\u015fl\u0131 (1996 &#8211; 2006)"}]},{"@type":"WebSite","@id":"https:\/\/www.cekidemirimontaj.com.tr\/#website","url":"https:\/\/www.cekidemirimontaj.com.tr\/","name":"Ekor","description":"&Ccedil;eki Demiri Montaj\u0131nda T&uuml;rkiye'nin En \u0130yisi","publisher":{"@id":"https:\/\/www.cekidemirimontaj.com.tr\/#organization"},"potentialAction":[{"@type":"SearchAction","target":{"@type":"EntryPoint","urlTemplate":"https:\/\/www.cekidemirimontaj.com.tr\/?s={search_term_string}"},"query-input":{"@type":"PropertyValueSpecification","valueRequired":true,"valueName":"search_term_string"}}],"inLanguage":"tr"},{"@type":"Organization","@id":"https:\/\/www.cekidemirimontaj.com.tr\/#organization","name":"Ekor M\u00fchendislik","url":"https:\/\/www.cekidemirimontaj.com.tr\/","logo":{"@type":"ImageObject","inLanguage":"tr","@id":"https:\/\/www.cekidemirimontaj.com.tr\/#\/schema\/logo\/image\/","url":"https:\/\/www.cekidemirimontaj.com.tr\/wp-content\/uploads\/2025\/10\/cropped-logo_230.png","contentUrl":"https:\/\/www.cekidemirimontaj.com.tr\/wp-content\/uploads\/2025\/10\/cropped-logo_230.png","width":231,"height":231,"caption":"Ekor M\u00fchendislik"},"image":{"@id":"https:\/\/www.cekidemirimontaj.com.tr\/#\/schema\/logo\/image\/"},"sameAs":["https:\/\/www.facebook.com\/ucelotogazmuhendisligi?locale=tr_TR","https:\/\/www.instagram.com\/ucelotogazmuhendisligi\/"]}]}},"_links":{"self":[{"href":"https:\/\/www.cekidemirimontaj.com.tr\/index.php\/wp-json\/wp\/v2\/product\/5092","targetHints":{"allow":["GET"]}}],"collection":[{"href":"https:\/\/www.cekidemirimontaj.com.tr\/index.php\/wp-json\/wp\/v2\/product"}],"about":[{"href":"https:\/\/www.cekidemirimontaj.com.tr\/index.php\/wp-json\/wp\/v2\/types\/product"}],"replies":[{"embeddable":true,"href":"https:\/\/www.cekidemirimontaj.com.tr\/index.php\/wp-json\/wp\/v2\/comments?post=5092"}],"wp:featuredmedia":[{"embeddable":true,"href":"https:\/\/www.cekidemirimontaj.com.tr\/index.php\/wp-json\/wp\/v2\/media\/3753"}],"wp:attachment":[{"href":"https:\/\/www.cekidemirimontaj.com.tr\/index.php\/wp-json\/wp\/v2\/media?parent=5092"}],"wp:term":[{"taxonomy":"product_brand","embeddable":true,"href":"https:\/\/www.cekidemirimontaj.com.tr\/index.php\/wp-json\/wp\/v2\/product_brand?post=5092"},{"taxonomy":"product_cat","embeddable":true,"href":"https:\/\/www.cekidemirimontaj.com.tr\/index.php\/wp-json\/wp\/v2\/product_cat?post=5092"},{"taxonomy":"product_tag","embeddable":true,"href":"https:\/\/www.cekidemirimontaj.com.tr\/index.php\/wp-json\/wp\/v2\/product_tag?post=5092"}],"curies":[{"name":"wp","href":"https:\/\/api.w.org\/{rel}","templated":true}]}}