{"id":5416,"date":"2025-10-25T09:32:51","date_gmt":"2025-10-25T09:32:51","guid":{"rendered":"https:\/\/www.cekidemirimontaj.com.tr\/?post_type=product&#038;p=5416"},"modified":"2025-10-25T09:32:54","modified_gmt":"2025-10-25T09:32:54","slug":"porsche-macan-sokulebilir-ceki-demiri","status":"publish","type":"product","link":"https:\/\/www.cekidemirimontaj.com.tr\/index.php\/urun\/porsche-macan-sokulebilir-ceki-demiri\/","title":{"rendered":"Porsche Macan S\u00f6k\u00fclebilir \u00c7eki Demiri"},"content":{"rendered":"<p><strong>Par\u00e7a Numaras\u0131\u00a0 :\u00a0E0409BV<\/strong><\/p>\n<p><strong>Avrupa standartlar\u0131na uygun CE belgeli PORSCHE Macan\u00a0orjinal aksesuar \u00e7eki demiri.<\/strong><\/p>\n<p>&nbsp;<\/p>\n<p>S\u00f6k\u00fclebilir &#8220;AK 41&#8221; e\u011fik topuz modelidir.<\/p>\n<p>Fiyata universal elektrik tesisat\u0131 dahildir.<\/p>\n<p>Max. \u00e7ekme kapasitesi\u00a0 \u00a0 \u00a0 \u00a0: 3000\u00a0kg<\/p>\n<p>Max. d\u00fc\u015fey y\u00fck kapasitesi : 120\u00a0kg<\/p>\n<p>&nbsp;<\/p>\n<p>Montaj ve proje bedeli dahil de\u011fildir.<\/p>\n<p>&nbsp;<\/p>\n","protected":false},"excerpt":{"rendered":"<p>Porsche Macan<\/p>\n","protected":false},"featured_media":346,"comment_status":"open","ping_status":"closed","template":"","meta":{"_eb_attr":""},"product_brand":[24,27,31,32,1020,25,26],"product_cat":[704],"product_tag":[708],"class_list":{"0":"post-5416","1":"product","2":"type-product","3":"status-publish","4":"has-post-thumbnail","6":"product_brand-aragon","7":"product_brand-auto-hak","8":"product_brand-bosal","9":"product_brand-gdw","10":"product_brand-hak-pol","11":"product_brand-oris","12":"product_brand-steinhof","13":"product_cat-porsche-marka-ve-model-araclar-icin-orjinal-ceki-demiri-montaji","14":"product_tag-porsche-macan-sokulebilir-ceki-demiri","16":"first","17":"instock","18":"shipping-taxable","19":"purchasable","20":"product-type-simple"},"yoast_head":"<!-- This site is optimized with the Yoast SEO plugin v27.3 - https:\/\/yoast.com\/product\/yoast-seo-wordpress\/ -->\n<title>Porsche Macan S\u00f6k\u00fclebilir \u00c7eki Demiri - Ekor<\/title>\n<meta name=\"robots\" content=\"index, follow, max-snippet:-1, max-image-preview:large, max-video-preview:-1\" \/>\n<link rel=\"canonical\" href=\"https:\/\/www.cekidemirimontaj.com.tr\/index.php\/urun\/porsche-macan-sokulebilir-ceki-demiri\/\" \/>\n<meta property=\"og:locale\" content=\"tr_TR\" \/>\n<meta property=\"og:type\" content=\"article\" \/>\n<meta property=\"og:title\" content=\"Porsche Macan S\u00f6k\u00fclebilir \u00c7eki Demiri - Ekor\" \/>\n<meta property=\"og:description\" content=\"Porsche Macan\" \/>\n<meta property=\"og:url\" content=\"https:\/\/www.cekidemirimontaj.com.tr\/index.php\/urun\/porsche-macan-sokulebilir-ceki-demiri\/\" \/>\n<meta property=\"og:site_name\" content=\"Ekor\" \/>\n<meta property=\"article:publisher\" content=\"https:\/\/www.facebook.com\/ucelotogazmuhendisligi?locale=tr_TR\" \/>\n<meta property=\"article:modified_time\" content=\"2025-10-25T09:32:54+00:00\" \/>\n<meta name=\"twitter:card\" content=\"summary_large_image\" \/>\n<script type=\"application\/ld+json\" class=\"yoast-schema-graph\">{\"@context\":\"https:\\\/\\\/schema.org\",\"@graph\":[{\"@type\":\"WebPage\",\"@id\":\"https:\\\/\\\/www.cekidemirimontaj.com.tr\\\/index.php\\\/urun\\\/porsche-macan-sokulebilir-ceki-demiri\\\/\",\"url\":\"https:\\\/\\\/www.cekidemirimontaj.com.tr\\\/index.php\\\/urun\\\/porsche-macan-sokulebilir-ceki-demiri\\\/\",\"name\":\"Porsche Macan S\u00f6k\u00fclebilir \u00c7eki Demiri - Ekor\",\"isPartOf\":{\"@id\":\"https:\\\/\\\/www.cekidemirimontaj.com.tr\\\/#website\"},\"primaryImageOfPage\":{\"@id\":\"https:\\\/\\\/www.cekidemirimontaj.com.tr\\\/index.php\\\/urun\\\/porsche-macan-sokulebilir-ceki-demiri\\\/#primaryimage\"},\"image\":{\"@id\":\"https:\\\/\\\/www.cekidemirimontaj.com.tr\\\/index.php\\\/urun\\\/porsche-macan-sokulebilir-ceki-demiri\\\/#primaryimage\"},\"thumbnailUrl\":\"https:\\\/\\\/www.cekidemirimontaj.com.tr\\\/wp-content\\\/uploads\\\/2025\\\/10\\\/1-5-2.png\",\"datePublished\":\"2025-10-25T09:32:51+00:00\",\"dateModified\":\"2025-10-25T09:32:54+00:00\",\"breadcrumb\":{\"@id\":\"https:\\\/\\\/www.cekidemirimontaj.com.tr\\\/index.php\\\/urun\\\/porsche-macan-sokulebilir-ceki-demiri\\\/#breadcrumb\"},\"inLanguage\":\"tr\",\"potentialAction\":[{\"@type\":\"ReadAction\",\"target\":[\"https:\\\/\\\/www.cekidemirimontaj.com.tr\\\/index.php\\\/urun\\\/porsche-macan-sokulebilir-ceki-demiri\\\/\"]}]},{\"@type\":\"ImageObject\",\"inLanguage\":\"tr\",\"@id\":\"https:\\\/\\\/www.cekidemirimontaj.com.tr\\\/index.php\\\/urun\\\/porsche-macan-sokulebilir-ceki-demiri\\\/#primaryimage\",\"url\":\"https:\\\/\\\/www.cekidemirimontaj.com.tr\\\/wp-content\\\/uploads\\\/2025\\\/10\\\/1-5-2.png\",\"contentUrl\":\"https:\\\/\\\/www.cekidemirimontaj.com.tr\\\/wp-content\\\/uploads\\\/2025\\\/10\\\/1-5-2.png\",\"width\":852,\"height\":748},{\"@type\":\"BreadcrumbList\",\"@id\":\"https:\\\/\\\/www.cekidemirimontaj.com.tr\\\/index.php\\\/urun\\\/porsche-macan-sokulebilir-ceki-demiri\\\/#breadcrumb\",\"itemListElement\":[{\"@type\":\"ListItem\",\"position\":1,\"name\":\"Anasayfa\",\"item\":\"https:\\\/\\\/www.cekidemirimontaj.com.tr\\\/\"},{\"@type\":\"ListItem\",\"position\":2,\"name\":\"Urunler\",\"item\":\"https:\\\/\\\/www.cekidemirimontaj.com.tr\\\/index.php\\\/urunler\\\/\"},{\"@type\":\"ListItem\",\"position\":3,\"name\":\"Porsche Macan S\u00f6k\u00fclebilir \u00c7eki Demiri\"}]},{\"@type\":\"WebSite\",\"@id\":\"https:\\\/\\\/www.cekidemirimontaj.com.tr\\\/#website\",\"url\":\"https:\\\/\\\/www.cekidemirimontaj.com.tr\\\/\",\"name\":\"Ekor\",\"description\":\"&Ccedil;eki Demiri Montaj\u0131nda T&uuml;rkiye'nin En \u0130yisi\",\"publisher\":{\"@id\":\"https:\\\/\\\/www.cekidemirimontaj.com.tr\\\/#organization\"},\"potentialAction\":[{\"@type\":\"SearchAction\",\"target\":{\"@type\":\"EntryPoint\",\"urlTemplate\":\"https:\\\/\\\/www.cekidemirimontaj.com.tr\\\/?s={search_term_string}\"},\"query-input\":{\"@type\":\"PropertyValueSpecification\",\"valueRequired\":true,\"valueName\":\"search_term_string\"}}],\"inLanguage\":\"tr\"},{\"@type\":\"Organization\",\"@id\":\"https:\\\/\\\/www.cekidemirimontaj.com.tr\\\/#organization\",\"name\":\"Ekor M\u00fchendislik\",\"url\":\"https:\\\/\\\/www.cekidemirimontaj.com.tr\\\/\",\"logo\":{\"@type\":\"ImageObject\",\"inLanguage\":\"tr\",\"@id\":\"https:\\\/\\\/www.cekidemirimontaj.com.tr\\\/#\\\/schema\\\/logo\\\/image\\\/\",\"url\":\"https:\\\/\\\/www.cekidemirimontaj.com.tr\\\/wp-content\\\/uploads\\\/2025\\\/10\\\/cropped-logo_230.png\",\"contentUrl\":\"https:\\\/\\\/www.cekidemirimontaj.com.tr\\\/wp-content\\\/uploads\\\/2025\\\/10\\\/cropped-logo_230.png\",\"width\":231,\"height\":231,\"caption\":\"Ekor M\u00fchendislik\"},\"image\":{\"@id\":\"https:\\\/\\\/www.cekidemirimontaj.com.tr\\\/#\\\/schema\\\/logo\\\/image\\\/\"},\"sameAs\":[\"https:\\\/\\\/www.facebook.com\\\/ucelotogazmuhendisligi?locale=tr_TR\",\"https:\\\/\\\/www.instagram.com\\\/ucelotogazmuhendisligi\\\/\"]}]}<\/script>\n<!-- \/ Yoast SEO plugin. -->","yoast_head_json":{"title":"Porsche Macan S\u00f6k\u00fclebilir \u00c7eki Demiri - Ekor","robots":{"index":"index","follow":"follow","max-snippet":"max-snippet:-1","max-image-preview":"max-image-preview:large","max-video-preview":"max-video-preview:-1"},"canonical":"https:\/\/www.cekidemirimontaj.com.tr\/index.php\/urun\/porsche-macan-sokulebilir-ceki-demiri\/","og_locale":"tr_TR","og_type":"article","og_title":"Porsche Macan S\u00f6k\u00fclebilir \u00c7eki Demiri - Ekor","og_description":"Porsche Macan","og_url":"https:\/\/www.cekidemirimontaj.com.tr\/index.php\/urun\/porsche-macan-sokulebilir-ceki-demiri\/","og_site_name":"Ekor","article_publisher":"https:\/\/www.facebook.com\/ucelotogazmuhendisligi?locale=tr_TR","article_modified_time":"2025-10-25T09:32:54+00:00","twitter_card":"summary_large_image","schema":{"@context":"https:\/\/schema.org","@graph":[{"@type":"WebPage","@id":"https:\/\/www.cekidemirimontaj.com.tr\/index.php\/urun\/porsche-macan-sokulebilir-ceki-demiri\/","url":"https:\/\/www.cekidemirimontaj.com.tr\/index.php\/urun\/porsche-macan-sokulebilir-ceki-demiri\/","name":"Porsche Macan S\u00f6k\u00fclebilir \u00c7eki Demiri - Ekor","isPartOf":{"@id":"https:\/\/www.cekidemirimontaj.com.tr\/#website"},"primaryImageOfPage":{"@id":"https:\/\/www.cekidemirimontaj.com.tr\/index.php\/urun\/porsche-macan-sokulebilir-ceki-demiri\/#primaryimage"},"image":{"@id":"https:\/\/www.cekidemirimontaj.com.tr\/index.php\/urun\/porsche-macan-sokulebilir-ceki-demiri\/#primaryimage"},"thumbnailUrl":"https:\/\/www.cekidemirimontaj.com.tr\/wp-content\/uploads\/2025\/10\/1-5-2.png","datePublished":"2025-10-25T09:32:51+00:00","dateModified":"2025-10-25T09:32:54+00:00","breadcrumb":{"@id":"https:\/\/www.cekidemirimontaj.com.tr\/index.php\/urun\/porsche-macan-sokulebilir-ceki-demiri\/#breadcrumb"},"inLanguage":"tr","potentialAction":[{"@type":"ReadAction","target":["https:\/\/www.cekidemirimontaj.com.tr\/index.php\/urun\/porsche-macan-sokulebilir-ceki-demiri\/"]}]},{"@type":"ImageObject","inLanguage":"tr","@id":"https:\/\/www.cekidemirimontaj.com.tr\/index.php\/urun\/porsche-macan-sokulebilir-ceki-demiri\/#primaryimage","url":"https:\/\/www.cekidemirimontaj.com.tr\/wp-content\/uploads\/2025\/10\/1-5-2.png","contentUrl":"https:\/\/www.cekidemirimontaj.com.tr\/wp-content\/uploads\/2025\/10\/1-5-2.png","width":852,"height":748},{"@type":"BreadcrumbList","@id":"https:\/\/www.cekidemirimontaj.com.tr\/index.php\/urun\/porsche-macan-sokulebilir-ceki-demiri\/#breadcrumb","itemListElement":[{"@type":"ListItem","position":1,"name":"Anasayfa","item":"https:\/\/www.cekidemirimontaj.com.tr\/"},{"@type":"ListItem","position":2,"name":"Urunler","item":"https:\/\/www.cekidemirimontaj.com.tr\/index.php\/urunler\/"},{"@type":"ListItem","position":3,"name":"Porsche Macan S\u00f6k\u00fclebilir \u00c7eki Demiri"}]},{"@type":"WebSite","@id":"https:\/\/www.cekidemirimontaj.com.tr\/#website","url":"https:\/\/www.cekidemirimontaj.com.tr\/","name":"Ekor","description":"&Ccedil;eki Demiri Montaj\u0131nda T&uuml;rkiye'nin En \u0130yisi","publisher":{"@id":"https:\/\/www.cekidemirimontaj.com.tr\/#organization"},"potentialAction":[{"@type":"SearchAction","target":{"@type":"EntryPoint","urlTemplate":"https:\/\/www.cekidemirimontaj.com.tr\/?s={search_term_string}"},"query-input":{"@type":"PropertyValueSpecification","valueRequired":true,"valueName":"search_term_string"}}],"inLanguage":"tr"},{"@type":"Organization","@id":"https:\/\/www.cekidemirimontaj.com.tr\/#organization","name":"Ekor M\u00fchendislik","url":"https:\/\/www.cekidemirimontaj.com.tr\/","logo":{"@type":"ImageObject","inLanguage":"tr","@id":"https:\/\/www.cekidemirimontaj.com.tr\/#\/schema\/logo\/image\/","url":"https:\/\/www.cekidemirimontaj.com.tr\/wp-content\/uploads\/2025\/10\/cropped-logo_230.png","contentUrl":"https:\/\/www.cekidemirimontaj.com.tr\/wp-content\/uploads\/2025\/10\/cropped-logo_230.png","width":231,"height":231,"caption":"Ekor M\u00fchendislik"},"image":{"@id":"https:\/\/www.cekidemirimontaj.com.tr\/#\/schema\/logo\/image\/"},"sameAs":["https:\/\/www.facebook.com\/ucelotogazmuhendisligi?locale=tr_TR","https:\/\/www.instagram.com\/ucelotogazmuhendisligi\/"]}]}},"_links":{"self":[{"href":"https:\/\/www.cekidemirimontaj.com.tr\/index.php\/wp-json\/wp\/v2\/product\/5416","targetHints":{"allow":["GET"]}}],"collection":[{"href":"https:\/\/www.cekidemirimontaj.com.tr\/index.php\/wp-json\/wp\/v2\/product"}],"about":[{"href":"https:\/\/www.cekidemirimontaj.com.tr\/index.php\/wp-json\/wp\/v2\/types\/product"}],"replies":[{"embeddable":true,"href":"https:\/\/www.cekidemirimontaj.com.tr\/index.php\/wp-json\/wp\/v2\/comments?post=5416"}],"wp:featuredmedia":[{"embeddable":true,"href":"https:\/\/www.cekidemirimontaj.com.tr\/index.php\/wp-json\/wp\/v2\/media\/346"}],"wp:attachment":[{"href":"https:\/\/www.cekidemirimontaj.com.tr\/index.php\/wp-json\/wp\/v2\/media?parent=5416"}],"wp:term":[{"taxonomy":"product_brand","embeddable":true,"href":"https:\/\/www.cekidemirimontaj.com.tr\/index.php\/wp-json\/wp\/v2\/product_brand?post=5416"},{"taxonomy":"product_cat","embeddable":true,"href":"https:\/\/www.cekidemirimontaj.com.tr\/index.php\/wp-json\/wp\/v2\/product_cat?post=5416"},{"taxonomy":"product_tag","embeddable":true,"href":"https:\/\/www.cekidemirimontaj.com.tr\/index.php\/wp-json\/wp\/v2\/product_tag?post=5416"}],"curies":[{"name":"wp","href":"https:\/\/api.w.org\/{rel}","templated":true}]}}